{"id":1083,"date":"2025-09-28T17:10:41","date_gmt":"2025-09-28T17:10:41","guid":{"rendered":"https:\/\/eventech3d.es\/?page_id=1083"},"modified":"2025-09-28T17:11:27","modified_gmt":"2025-09-28T17:11:27","slug":"news","status":"publish","type":"page","link":"https:\/\/eventech3d.es\/index.php\/en\/news\/","title":{"rendered":"NEWS"},"content":{"rendered":"<div class=\"et_pb_section_0 et_pb_section et_section_regular et_block_section\">\n<div class=\"et_pb_row_0 et_pb_row et_block_row\">\n<div class=\"et_pb_column_0 et_pb_column et_pb_column_4_4 et-last-child et_block_column et_pb_css_mix_blend_mode_passthrough\">\n<div class=\"et_pb_text_0 et_pb_text et_pb_bg_layout_light et_pb_module et_flex_module\"><div class=\"et_pb_text_inner\"><h4>BLOG<\/h4>\n<\/div><\/div>\n\n<div class=\"et_pb_text_1 et_pb_text et_pb_bg_layout_light et_pb_module et_flex_module\"><div class=\"et_pb_text_inner\"><h1>Eventech3d \u00a0News&#8230;<\/h1>\n<\/div><\/div>\n<\/div>\n<\/div>\n\n<div class=\"et_pb_row_1 et_pb_row et_block_row\">\n<div class=\"et_pb_column_1 et_pb_column et_pb_column_4_4 et-last-child et_block_column et_pb_css_mix_blend_mode_passthrough\">\n<div class=\"et_pb_blog_0 et_pb_blog et_pb_bg_layout_light et_pb_posts et_pb_module\"><div class=\"et_pb_ajax_pagination_container\"><div class=\"et_pb_posts et_block_module\"><article class=\"et_pb_post et_pb_post_id_1271 clearfix et_pb_blog_item_0_0 post-1271 post type-post status-publish format-standard has-post-thumbnail hentry category-news-en\"><a href=\"https:\/\/eventech3d.es\/index.php\/en\/ise-2026-barcelona-is-preparing-for-the-event-that-will-redefine-the-audiovisual-future\/\" class=\"entry-featured-image-url\"><img decoding=\"async\" data-src=\"https:\/\/eventech3d.es\/wp-content\/uploads\/2026\/01\/Image-LG_ISE-2025_1-scaled-1.jpg\" width=\"1080\" height=\"675\" alt=\"ISE 2026: Barcelona is preparing for the event that will redefine the audiovisual future.\" class=\"et_pb_post_main_image lazyload\" src=\"data:image\/svg+xml;base64,PHN2ZyB3aWR0aD0iMSIgaGVpZ2h0PSIxIiB4bWxucz0iaHR0cDovL3d3dy53My5vcmcvMjAwMC9zdmciPjwvc3ZnPg==\" style=\"--smush-placeholder-width: 1080px; --smush-placeholder-aspect-ratio: 1080\/675;\" \/><span data-icon=\"\ue050\" class=\"et_overlay et_pb_inline_icon\"><\/span><\/a><h2 class=\"entry-title\"><a href=\"https:\/\/eventech3d.es\/index.php\/en\/ise-2026-barcelona-is-preparing-for-the-event-that-will-redefine-the-audiovisual-future\/\">ISE 2026: Barcelona is preparing for the event that will redefine the audiovisual future.<\/a><\/h2><p class=\"post-meta\"><span class=\"published\">Ene 18, 2026<\/span> | <span class=\"entry-categories\"><a href=\"https:\/\/eventech3d.es\/index.php\/en\/category\/news-en\/\" rel=\"tag\">NEWS<\/a><\/span><\/p><div class=\"post-content\"><div class=\"post-content-inner\"><p>The countdown has begun. From February 3 to 6, 2026, the Gran Via venue at Fira de Barcelona will once again become the global epicenter of pro-AV technology and systems integration. Under the powerful motto \u00abPush Beyond,\u00bb the 2026 edition of Integrated Systems Europe&#8230;<\/p>\n<\/div><\/div><\/article><\/div><\/div><\/div>\n\n<div class=\"et_pb_blog_1 et_pb_blog et_pb_bg_layout_light et_pb_posts et_pb_module\"><div class=\"et_pb_ajax_pagination_container\"><div class=\"et_pb_posts et_flex_module\"><article class=\"et_pb_post et_pb_post_id_1271 clearfix et_pb_blog_item_1_0 post-1271 post type-post status-publish format-standard has-post-thumbnail hentry category-news-en\"><a href=\"https:\/\/eventech3d.es\/index.php\/en\/ise-2026-barcelona-is-preparing-for-the-event-that-will-redefine-the-audiovisual-future\/\" class=\"entry-featured-image-url\"><img decoding=\"async\" data-src=\"https:\/\/eventech3d.es\/wp-content\/uploads\/2026\/01\/Image-LG_ISE-2025_1-scaled-1.jpg\" width=\"1080\" height=\"675\" alt=\"ISE 2026: Barcelona is preparing for the event that will redefine the audiovisual future.\" class=\"et_pb_post_main_image lazyload\" src=\"data:image\/svg+xml;base64,PHN2ZyB3aWR0aD0iMSIgaGVpZ2h0PSIxIiB4bWxucz0iaHR0cDovL3d3dy53My5vcmcvMjAwMC9zdmciPjwvc3ZnPg==\" style=\"--smush-placeholder-width: 1080px; --smush-placeholder-aspect-ratio: 1080\/675;\" \/><span data-icon=\"\ue050\" class=\"et_overlay et_pb_inline_icon\"><\/span><\/a><h2 class=\"entry-title\"><a href=\"https:\/\/eventech3d.es\/index.php\/en\/ise-2026-barcelona-is-preparing-for-the-event-that-will-redefine-the-audiovisual-future\/\">ISE 2026: Barcelona is preparing for the event that will redefine the audiovisual future.<\/a><\/h2><p class=\"post-meta\"><span class=\"published\">Ene 18, 2026<\/span> | <span class=\"entry-categories\"><a href=\"https:\/\/eventech3d.es\/index.php\/en\/category\/news-en\/\" rel=\"tag\">NEWS<\/a><\/span><\/p><div class=\"post-content\"><div class=\"post-content-inner\"><p>The countdown has begun. From February 3 to 6, 2026, the Gran Via venue at Fira de Barcelona will once again become the global epicenter of pro-AV technology and systems integration. Under the powerful motto \u00abPush Beyond,\u00bb the 2026 edition of Integrated Systems Europe&#8230;<\/p>\n<\/div><a href=\"https:\/\/eventech3d.es\/index.php\/en\/ise-2026-barcelona-is-preparing-for-the-event-that-will-redefine-the-audiovisual-future\/\" class=\"more-link\">leer m\u00e1s&#8230;<\/a><\/div><\/article><article class=\"et_pb_post et_pb_post_id_1259 clearfix et_pb_blog_item_1_1 post-1259 post type-post status-publish format-standard has-post-thumbnail hentry category-news\"><a href=\"https:\/\/eventech3d.es\/index.php\/ise-2026-barcelona\/\" class=\"entry-featured-image-url\"><img decoding=\"async\" data-src=\"https:\/\/eventech3d.es\/wp-content\/uploads\/2026\/01\/Image-LG_ISE-2025_1-scaled-1.jpg\" width=\"1080\" height=\"675\" alt=\"ISE 2026: Barcelona se prepara para el evento que redefinir\u00e1 el futuro audiovisual.\" class=\"et_pb_post_main_image lazyload\" src=\"data:image\/svg+xml;base64,PHN2ZyB3aWR0aD0iMSIgaGVpZ2h0PSIxIiB4bWxucz0iaHR0cDovL3d3dy53My5vcmcvMjAwMC9zdmciPjwvc3ZnPg==\" style=\"--smush-placeholder-width: 1080px; --smush-placeholder-aspect-ratio: 1080\/675;\" \/><span data-icon=\"\ue050\" class=\"et_overlay et_pb_inline_icon\"><\/span><\/a><h2 class=\"entry-title\"><a href=\"https:\/\/eventech3d.es\/index.php\/ise-2026-barcelona\/\">ISE 2026: Barcelona se prepara para el evento que redefinir\u00e1 el futuro audiovisual.<\/a><\/h2><p class=\"post-meta\"><span class=\"published\">Ene 13, 2026<\/span> | <span class=\"entry-categories\"><a href=\"https:\/\/eventech3d.es\/index.php\/category\/news\/\" rel=\"tag\">NEWS<\/a><\/span><\/p><div class=\"post-content\"><div class=\"post-content-inner\"><p>La cuenta atr\u00e1s ha comenzado. Del 3 al 6 de febrero de 2026, el recinto de Gran Via de Fira de Barcelona volver\u00e1 a convertirse en el epicentro mundial de la tecnolog\u00eda pro-AV y la integraci\u00f3n de sistemas. Bajo el potente lema \u00abPush Beyond\u00bb (Ir m\u00e1s all\u00e1), la edici\u00f3n de&#8230;<\/p>\n<\/div><a href=\"https:\/\/eventech3d.es\/index.php\/ise-2026-barcelona\/\" class=\"more-link\">leer m\u00e1s&#8230;<\/a><\/div><\/article><article class=\"et_pb_post et_pb_post_id_1091 clearfix et_pb_blog_item_1_2 post-1091 post type-post status-publish format-standard has-post-thumbnail hentry category-news-en\"><a href=\"https:\/\/eventech3d.es\/index.php\/en\/news-at-plasa-show-london-2025\/\" class=\"entry-featured-image-url\"><img decoding=\"async\" data-src=\"https:\/\/eventech3d.es\/wp-content\/uploads\/2025\/09\/Gemini_Generated_Image_4r06084r06084r06-2.png\" width=\"1024\" height=\"675\" alt=\"NEWS AT PLASA SHOW LONDON 2025\" class=\"et_pb_post_main_image lazyload\" src=\"data:image\/svg+xml;base64,PHN2ZyB3aWR0aD0iMSIgaGVpZ2h0PSIxIiB4bWxucz0iaHR0cDovL3d3dy53My5vcmcvMjAwMC9zdmciPjwvc3ZnPg==\" style=\"--smush-placeholder-width: 1024px; --smush-placeholder-aspect-ratio: 1024\/675;\" \/><span data-icon=\"\ue050\" class=\"et_overlay et_pb_inline_icon\"><\/span><\/a><h2 class=\"entry-title\"><a href=\"https:\/\/eventech3d.es\/index.php\/en\/news-at-plasa-show-london-2025\/\">NEWS AT PLASA SHOW LONDON 2025<\/a><\/h2><p class=\"post-meta\"><span class=\"published\">Sep 28, 2025<\/span> | <span class=\"entry-categories\"><a href=\"https:\/\/eventech3d.es\/index.php\/en\/category\/news-en\/\" rel=\"tag\">NEWS<\/a><\/span><\/p><div class=\"post-content\"><div class=\"post-content-inner\"><p>The Plasa Show in London was once again the epicenter of innovation in the entertainment and events industry, showcasing the trends and technologies that will shape the future in 2025 and beyond. From spectacular lighting solutions to revolutionary advances in sound&#8230;<\/p>\n<\/div><a href=\"https:\/\/eventech3d.es\/index.php\/en\/news-at-plasa-show-london-2025\/\" class=\"more-link\">leer m\u00e1s&#8230;<\/a><\/div><\/article><article class=\"et_pb_post et_pb_post_id_1087 clearfix et_pb_blog_item_1_3 post-1087 post type-post status-publish format-standard has-post-thumbnail hentry category-news-en\"><a href=\"https:\/\/eventech3d.es\/index.php\/en\/avl-summit-by-afial-2025-2\/\" class=\"entry-featured-image-url\"><img decoding=\"async\" data-src=\"https:\/\/eventech3d.es\/wp-content\/uploads\/2025\/09\/image-2.png\" width=\"1080\" height=\"675\" alt=\"AVL SUMMIT by AFIAL 2025\" class=\"et_pb_post_main_image lazyload\" src=\"data:image\/svg+xml;base64,PHN2ZyB3aWR0aD0iMSIgaGVpZ2h0PSIxIiB4bWxucz0iaHR0cDovL3d3dy53My5vcmcvMjAwMC9zdmciPjwvc3ZnPg==\" style=\"--smush-placeholder-width: 1080px; --smush-placeholder-aspect-ratio: 1080\/675;\" \/><span data-icon=\"\ue050\" class=\"et_overlay et_pb_inline_icon\"><\/span><\/a><h2 class=\"entry-title\"><a href=\"https:\/\/eventech3d.es\/index.php\/en\/avl-summit-by-afial-2025-2\/\">AVL SUMMIT by AFIAL 2025<\/a><\/h2><p class=\"post-meta\"><span class=\"published\">Sep 28, 2025<\/span> | <span class=\"entry-categories\"><a href=\"https:\/\/eventech3d.es\/index.php\/en\/category\/news-en\/\" rel=\"tag\">NEWS<\/a><\/span><\/p><div class=\"post-content\"><div class=\"post-content-inner\"><p>The AVL SUMMIT by AFIAL is the first audiovisual technology conference in Spain, designed to bring together professionals from across the sector. Organized by AFIAL (Spanish Association of AV Technology Manufacturers and Importers), its goal is to be a meeting point&#8230;<\/p>\n<\/div><a href=\"https:\/\/eventech3d.es\/index.php\/en\/avl-summit-by-afial-2025-2\/\" class=\"more-link\">leer m\u00e1s&#8230;<\/a><\/div><\/article><article class=\"et_pb_post et_pb_post_id_1081 clearfix et_pb_blog_item_1_4 post-1081 post type-post status-publish format-standard has-post-thumbnail hentry category-news-en\"><a href=\"https:\/\/eventech3d.es\/index.php\/en\/plasa-2025-london\/\" class=\"entry-featured-image-url\"><img decoding=\"async\" data-src=\"https:\/\/eventech3d.es\/wp-content\/uploads\/2025\/09\/544734501_1361517052650297_7281368672081496487_n.jpg\" width=\"1080\" height=\"675\" alt=\"PLASA 2025 LONDON\" class=\"et_pb_post_main_image lazyload\" src=\"data:image\/svg+xml;base64,PHN2ZyB3aWR0aD0iMSIgaGVpZ2h0PSIxIiB4bWxucz0iaHR0cDovL3d3dy53My5vcmcvMjAwMC9zdmciPjwvc3ZnPg==\" style=\"--smush-placeholder-width: 1080px; --smush-placeholder-aspect-ratio: 1080\/675;\" \/><span data-icon=\"\ue050\" class=\"et_overlay et_pb_inline_icon\"><\/span><\/a><h2 class=\"entry-title\"><a href=\"https:\/\/eventech3d.es\/index.php\/en\/plasa-2025-london\/\">PLASA 2025 LONDON<\/a><\/h2><p class=\"post-meta\"><span class=\"published\">Sep 28, 2025<\/span> | <span class=\"entry-categories\"><a href=\"https:\/\/eventech3d.es\/index.php\/en\/category\/news-en\/\" rel=\"tag\">NEWS<\/a><\/span><\/p><div class=\"post-content\"><div class=\"post-content-inner\"><p>Get ready for PLASA Show London 2025! If you&#8217;re a professional in the entertainment or events industry, mark your calendars. The PLASA Show is returning to the British capital, and the 2025 edition promises to be an event you won&#8217;t want to miss. This show is the&#8230;<\/p>\n<\/div><a href=\"https:\/\/eventech3d.es\/index.php\/en\/plasa-2025-london\/\" class=\"more-link\">leer m\u00e1s&#8230;<\/a><\/div><\/article><article class=\"et_pb_post et_pb_post_id_872 clearfix et_pb_blog_item_1_5 post-872 post type-post status-publish format-standard has-post-thumbnail hentry category-news\"><a href=\"https:\/\/eventech3d.es\/index.php\/plasa\/\" class=\"entry-featured-image-url\"><img decoding=\"async\" data-src=\"https:\/\/eventech3d.es\/wp-content\/uploads\/2025\/09\/Gemini_Generated_Image_4r06084r06084r06-2.png\" width=\"1024\" height=\"675\" alt=\"NOVEDADES PLASA SHOW LONDON 2025\" class=\"et_pb_post_main_image lazyload\" src=\"data:image\/svg+xml;base64,PHN2ZyB3aWR0aD0iMSIgaGVpZ2h0PSIxIiB4bWxucz0iaHR0cDovL3d3dy53My5vcmcvMjAwMC9zdmciPjwvc3ZnPg==\" style=\"--smush-placeholder-width: 1024px; --smush-placeholder-aspect-ratio: 1024\/675;\" \/><span data-icon=\"\ue050\" class=\"et_overlay et_pb_inline_icon\"><\/span><\/a><h2 class=\"entry-title\"><a href=\"https:\/\/eventech3d.es\/index.php\/plasa\/\">NOVEDADES PLASA SHOW LONDON 2025<\/a><\/h2><p class=\"post-meta\"><span class=\"published\">Sep 21, 2025<\/span> | <span class=\"entry-categories\"><a href=\"https:\/\/eventech3d.es\/index.php\/category\/news\/\" rel=\"tag\">NEWS<\/a><\/span><\/p><div class=\"post-content\"><div class=\"post-content-inner\"><p>Lo m\u00e1s destacado en Iluminaci\u00f3n y sonido. El Plasa Show de Londres ha vuelto a ser el epicentro de la innovaci\u00f3n en la industria del entretenimiento y los eventos, presentando las tendencias y tecnolog\u00edas que marcar\u00e1n el camino en 2025 y m\u00e1s all\u00e1. Desde soluciones de&#8230;<\/p>\n<\/div><a href=\"https:\/\/eventech3d.es\/index.php\/plasa\/\" class=\"more-link\">leer m\u00e1s&#8230;<\/a><\/div><\/article><\/div><div class=\"pagination clearfix\">\n\t<div class=\"alignleft\"><a href=\"https:\/\/eventech3d.es\/index.php\/wp-json\/wp\/v2\/pages\/1083\/page\/2\/?et_blog\" >&laquo; Entradas Anteriores<\/a><\/div>\n\t<div class=\"alignright\"><\/div>\n<\/div><\/div><\/div>\n<\/div>\n<\/div>\n<\/div>","protected":false},"excerpt":{"rendered":"","protected":false},"author":1,"featured_media":0,"parent":0,"menu_order":0,"comment_status":"closed","ping_status":"closed","template":"","meta":{"footnotes":""},"class_list":["post-1083","page","type-page","status-publish","hentry"],"yoast_head":"<!-- This site is optimized with the Yoast SEO plugin v27.4 - https:\/\/yoast.com\/product\/yoast-seo-wordpress\/ -->\n<title>NEWS - EVENTECH 3D<\/title>\n<meta name=\"robots\" content=\"index, follow, max-snippet:-1, max-image-preview:large, max-video-preview:-1\" \/>\n<link rel=\"canonical\" href=\"https:\/\/eventech3d.es\/index.php\/en\/news\/\" \/>\n<meta property=\"og:locale\" content=\"es_ES\" \/>\n<meta property=\"og:type\" content=\"article\" \/>\n<meta property=\"og:title\" content=\"NEWS - EVENTECH 3D\" \/>\n<meta property=\"og:url\" content=\"https:\/\/eventech3d.es\/index.php\/en\/news\/\" \/>\n<meta property=\"og:site_name\" content=\"EVENTECH 3D\" \/>\n<meta property=\"article:modified_time\" content=\"2025-09-28T17:11:27+00:00\" \/>\n<meta name=\"twitter:card\" content=\"summary_large_image\" \/>\n<script type=\"application\/ld+json\" class=\"yoast-schema-graph\">{\"@context\":\"https:\\\/\\\/schema.org\",\"@graph\":[{\"@type\":\"WebPage\",\"@id\":\"https:\\\/\\\/eventech3d.es\\\/index.php\\\/en\\\/news\\\/\",\"url\":\"https:\\\/\\\/eventech3d.es\\\/index.php\\\/en\\\/news\\\/\",\"name\":\"NEWS - EVENTECH 3D\",\"isPartOf\":{\"@id\":\"https:\\\/\\\/eventech3d.es\\\/#website\"},\"datePublished\":\"2025-09-28T17:10:41+00:00\",\"dateModified\":\"2025-09-28T17:11:27+00:00\",\"breadcrumb\":{\"@id\":\"https:\\\/\\\/eventech3d.es\\\/index.php\\\/en\\\/news\\\/#breadcrumb\"},\"inLanguage\":\"es\",\"potentialAction\":[{\"@type\":\"ReadAction\",\"target\":[\"https:\\\/\\\/eventech3d.es\\\/index.php\\\/en\\\/news\\\/\"]}]},{\"@type\":\"BreadcrumbList\",\"@id\":\"https:\\\/\\\/eventech3d.es\\\/index.php\\\/en\\\/news\\\/#breadcrumb\",\"itemListElement\":[{\"@type\":\"ListItem\",\"position\":1,\"name\":\"Portada\",\"item\":\"https:\\\/\\\/eventech3d.es\\\/\"},{\"@type\":\"ListItem\",\"position\":2,\"name\":\"NEWS\"}]},{\"@type\":\"WebSite\",\"@id\":\"https:\\\/\\\/eventech3d.es\\\/#website\",\"url\":\"https:\\\/\\\/eventech3d.es\\\/\",\"name\":\"EVENTECH 3D\",\"description\":\"Producci\u00f3n t\u00e9cnica para eventos y Renders 3d\",\"publisher\":{\"@id\":\"https:\\\/\\\/eventech3d.es\\\/#organization\"},\"potentialAction\":[{\"@type\":\"SearchAction\",\"target\":{\"@type\":\"EntryPoint\",\"urlTemplate\":\"https:\\\/\\\/eventech3d.es\\\/?s={search_term_string}\"},\"query-input\":{\"@type\":\"PropertyValueSpecification\",\"valueRequired\":true,\"valueName\":\"search_term_string\"}}],\"inLanguage\":\"es\"},{\"@type\":\"Organization\",\"@id\":\"https:\\\/\\\/eventech3d.es\\\/#organization\",\"name\":\"EVENTECH 3D\",\"url\":\"https:\\\/\\\/eventech3d.es\\\/\",\"logo\":{\"@type\":\"ImageObject\",\"inLanguage\":\"es\",\"@id\":\"https:\\\/\\\/eventech3d.es\\\/#\\\/schema\\\/logo\\\/image\\\/\",\"url\":\"https:\\\/\\\/eventech3d.es\\\/wp-content\\\/uploads\\\/2025\\\/06\\\/g19904-8.png\",\"contentUrl\":\"https:\\\/\\\/eventech3d.es\\\/wp-content\\\/uploads\\\/2025\\\/06\\\/g19904-8.png\",\"width\":342,\"height\":342,\"caption\":\"EVENTECH 3D\"},\"image\":{\"@id\":\"https:\\\/\\\/eventech3d.es\\\/#\\\/schema\\\/logo\\\/image\\\/\"}}]}<\/script>\n<!-- \/ Yoast SEO plugin. -->","yoast_head_json":{"title":"NEWS - EVENTECH 3D","robots":{"index":"index","follow":"follow","max-snippet":"max-snippet:-1","max-image-preview":"max-image-preview:large","max-video-preview":"max-video-preview:-1"},"canonical":"https:\/\/eventech3d.es\/index.php\/en\/news\/","og_locale":"es_ES","og_type":"article","og_title":"NEWS - EVENTECH 3D","og_url":"https:\/\/eventech3d.es\/index.php\/en\/news\/","og_site_name":"EVENTECH 3D","article_modified_time":"2025-09-28T17:11:27+00:00","twitter_card":"summary_large_image","schema":{"@context":"https:\/\/schema.org","@graph":[{"@type":"WebPage","@id":"https:\/\/eventech3d.es\/index.php\/en\/news\/","url":"https:\/\/eventech3d.es\/index.php\/en\/news\/","name":"NEWS - EVENTECH 3D","isPartOf":{"@id":"https:\/\/eventech3d.es\/#website"},"datePublished":"2025-09-28T17:10:41+00:00","dateModified":"2025-09-28T17:11:27+00:00","breadcrumb":{"@id":"https:\/\/eventech3d.es\/index.php\/en\/news\/#breadcrumb"},"inLanguage":"es","potentialAction":[{"@type":"ReadAction","target":["https:\/\/eventech3d.es\/index.php\/en\/news\/"]}]},{"@type":"BreadcrumbList","@id":"https:\/\/eventech3d.es\/index.php\/en\/news\/#breadcrumb","itemListElement":[{"@type":"ListItem","position":1,"name":"Portada","item":"https:\/\/eventech3d.es\/"},{"@type":"ListItem","position":2,"name":"NEWS"}]},{"@type":"WebSite","@id":"https:\/\/eventech3d.es\/#website","url":"https:\/\/eventech3d.es\/","name":"EVENTECH 3D","description":"Producci\u00f3n t\u00e9cnica para eventos y Renders 3d","publisher":{"@id":"https:\/\/eventech3d.es\/#organization"},"potentialAction":[{"@type":"SearchAction","target":{"@type":"EntryPoint","urlTemplate":"https:\/\/eventech3d.es\/?s={search_term_string}"},"query-input":{"@type":"PropertyValueSpecification","valueRequired":true,"valueName":"search_term_string"}}],"inLanguage":"es"},{"@type":"Organization","@id":"https:\/\/eventech3d.es\/#organization","name":"EVENTECH 3D","url":"https:\/\/eventech3d.es\/","logo":{"@type":"ImageObject","inLanguage":"es","@id":"https:\/\/eventech3d.es\/#\/schema\/logo\/image\/","url":"https:\/\/eventech3d.es\/wp-content\/uploads\/2025\/06\/g19904-8.png","contentUrl":"https:\/\/eventech3d.es\/wp-content\/uploads\/2025\/06\/g19904-8.png","width":342,"height":342,"caption":"EVENTECH 3D"},"image":{"@id":"https:\/\/eventech3d.es\/#\/schema\/logo\/image\/"}}]}},"_links":{"self":[{"href":"https:\/\/eventech3d.es\/index.php\/wp-json\/wp\/v2\/pages\/1083","targetHints":{"allow":["GET"]}}],"collection":[{"href":"https:\/\/eventech3d.es\/index.php\/wp-json\/wp\/v2\/pages"}],"about":[{"href":"https:\/\/eventech3d.es\/index.php\/wp-json\/wp\/v2\/types\/page"}],"author":[{"embeddable":true,"href":"https:\/\/eventech3d.es\/index.php\/wp-json\/wp\/v2\/users\/1"}],"replies":[{"embeddable":true,"href":"https:\/\/eventech3d.es\/index.php\/wp-json\/wp\/v2\/comments?post=1083"}],"version-history":[{"count":2,"href":"https:\/\/eventech3d.es\/index.php\/wp-json\/wp\/v2\/pages\/1083\/revisions"}],"predecessor-version":[{"id":1085,"href":"https:\/\/eventech3d.es\/index.php\/wp-json\/wp\/v2\/pages\/1083\/revisions\/1085"}],"wp:attachment":[{"href":"https:\/\/eventech3d.es\/index.php\/wp-json\/wp\/v2\/media?parent=1083"}],"curies":[{"name":"wp","href":"https:\/\/api.w.org\/{rel}","templated":true}]}}