{"id":37,"date":"2025-06-14T10:23:19","date_gmt":"2025-06-14T10:23:19","guid":{"rendered":"https:\/\/eventech3d.es\/?page_id=37"},"modified":"2025-09-29T09:23:06","modified_gmt":"2025-09-29T09:23:06","slug":"contacto","status":"publish","type":"page","link":"https:\/\/eventech3d.es\/index.php\/contacto\/","title":{"rendered":"CONTACTO"},"content":{"rendered":"<div class=\"et_pb_section_0 et_pb_section et_section_regular et_block_section et_pb_section_parallax\"><span class=\"et-pb-parallax-wrapper\"><span class=\"et-pb-parallax-background et-pb-parallax-background-module--divi-section-0 lazyload\" style=\"background-image:inherit\" data-bg-image=\"url(https:\/\/eventech3d.es\/wp-content\/uploads\/2025\/05\/augmented-reality-background-04-scaled.png)\"><\/span><span class=\"et_parallax_gradient\" style=\"background-image:linear-gradient(180deg, #000000 0%,rgba(0,0,0,0) 50%,#000000 100%)\"><\/span><\/span>\n<div class=\"et_pb_row_0 et_pb_row et_block_row\">\n<div class=\"et_pb_column_0 et_pb_column et_pb_column_1_2 et_block_column et_pb_css_mix_blend_mode_passthrough\">\n<div class=\"et_pb_text_0 et_pb_text et_pb_bg_layout_light et_pb_module et_flex_module preset--module--divi-text--e7eaba34-9210-4df4-89f3-d412de261a06\"><div class=\"et_pb_text_inner\"><h4>Contacto<\/h4>\n<\/div><\/div>\n\n<div class=\"et_pb_text_1 et_pb_text et_pb_bg_layout_light et_pb_module et_flex_module preset--module--divi-text--21590a41-8401-418d-9217-181e6a1dbddc\"><div class=\"et_pb_text_inner\"><h1>Sigamos en Contacto...<\/h1>\n<\/div><\/div>\n\n<div class=\"et_pb_text_2 et_pb_text et_pb_bg_layout_light et_pb_module et_flex_module preset--module--divi-text--bf56f7d7-8b11-436d-956d-eaad1b1d0d75\"><div class=\"et_pb_text_inner\"><p><span>\u00bfQuieres que tu pr\u00f3ximo evento sea un \u00e9xito? Como productor t\u00e9cnico, te ofrezco soluciones personalizadas y profesionales para que cada detalle t\u00e9cnico funcione a la perfecci\u00f3n. <br \/>Contacta conmigo para transformar tu visi\u00f3n a la realidad.<\/span><\/p>\n<\/div><\/div>\n<\/div>\n\n<div class=\"et_pb_column_1 et_pb_column et_pb_column_1_2 et-last-child et_block_column et_pb_css_mix_blend_mode_passthrough\">\n<div class=\"et_pb_contact_form_0 et_pb_contact_form_container clearfix et_pb_recaptcha_enabled et_pb_module et_flex_module preset--module--divi-contact-form--ec96ea7a-b305-40c0-91aa-242190e72d83\" data-form_unique_num=\"0\" data-form_unique_id=\"7067d836e5cc6b8d0df5f1ee01accc26\" id=\"et_pb_contact_form_7067d836e5cc6b8d0df5f1ee01accc26\"><div class=\"et-pb-contact-message\"><\/div><div class=\"et_pb_contact\"><form class=\"et_pb_contact_form et_flex_module\" method=\"post\" action=\"https:\/\/eventech3d.es\/index.php\/wp-json\/wp\/v2\/pages\/37\">\n<div class=\"et_pb_contact_field_0 et_pb_contact_field et_pb_module et_flex_module et_flex_column_24_24 et_flex_column_24_24_tablet et_flex_column_24_24_phone\" data-id=\"name\" data-type=\"input\"><label class=\"et_pb_contact_form_label\" for=\"et_pb_contact_0_name_0\">Nombre<\/label><input type=\"text\" name=\"et_pb_contact_0_name_0\" id=\"et_pb_contact_0_name_0\" class=\"input\" data-required_mark=\"required\" data-field_type=\"input\" data-original_id=\"name\" placeholder=\"Nombre\" title=\"\" value=\"\" \/><\/div>\n\n<div class=\"et_pb_contact_field_1 et_pb_contact_field et_pb_module et_flex_module et_flex_column_24_24 et_flex_column_24_24_tablet et_flex_column_24_24_phone\" data-id=\"email\" data-type=\"email\"><label class=\"et_pb_contact_form_label\" for=\"et_pb_contact_0_email_1\">Direccion Email<\/label><input type=\"text\" name=\"et_pb_contact_0_email_1\" id=\"et_pb_contact_0_email_1\" class=\"input\" data-required_mark=\"required\" data-field_type=\"email\" data-original_id=\"email\" placeholder=\"Direccion Email\" title=\"\" value=\"\" \/><\/div>\n\n<div class=\"et_pb_contact_field_2 et_pb_contact_field et_pb_module et_flex_module et_flex_column_24_24 et_flex_column_24_24_tablet et_flex_column_24_24_phone\" data-id=\"phone\" data-type=\"input\"><label class=\"et_pb_contact_form_label\" for=\"et_pb_contact_0_phone_2\">Telefono<\/label><input type=\"text\" name=\"et_pb_contact_0_phone_2\" id=\"et_pb_contact_0_phone_2\" class=\"input\" data-required_mark=\"not_required\" data-field_type=\"input\" data-original_id=\"phone\" placeholder=\"Telefono\" title=\"\" value=\"\" \/><\/div>\n\n<div class=\"et_pb_contact_field_3 et_pb_contact_field et_pb_module et_flex_module et_flex_column_24_24 et_flex_column_24_24_tablet et_flex_column_24_24_phone\" data-id=\"message\" data-type=\"text\"><label class=\"et_pb_contact_form_label\" for=\"et_pb_contact_0_message_3\">Mensaje<\/label><textarea name=\"et_pb_contact_0_message_3\" id=\"et_pb_contact_0_message_3\" class=\"et_pb_contact_message input\" data-required_mark=\"required\" data-field_type=\"text\" data-original_id=\"message\" placeholder=\"Mensaje\"><\/textarea><\/div>\n<input type=\"hidden\" name=\"et_pb_contactform_submit_7067d836e5cc6b8d0df5f1ee01accc26\" value=\"et_contact_proccess\" \/><div class=\"et_contact_bottom_container\"><div class=\"et_pb_button_wrapper\"><button type=\"submit\" name=\"et_builder_submit_button\" class=\"et_pb_button et_pb_contact_submit\" data-icon=\"\ue010\">enviar.     .     .     .<\/button><\/div><\/div><input type=\"hidden\" id=\"_wpnonce-et-pb-contact-form-submitted-7067d836e5cc6b8d0df5f1ee01accc26\" name=\"_wpnonce-et-pb-contact-form-submitted-7067d836e5cc6b8d0df5f1ee01accc26\" value=\"b9549053b8\" \/><input type=\"hidden\" name=\"_wp_http_referer\" value=\"\/index.php\/wp-json\/wp\/v2\/pages\/37\" \/><\/form><\/div><\/div>\n<\/div>\n<\/div>\n<\/div>","protected":false},"excerpt":{"rendered":"","protected":false},"author":1,"featured_media":0,"parent":0,"menu_order":0,"comment_status":"closed","ping_status":"closed","template":"","meta":{"footnotes":""},"class_list":["post-37","page","type-page","status-publish","hentry"],"yoast_head":"<!-- This site is optimized with the Yoast SEO plugin v27.4 - https:\/\/yoast.com\/product\/yoast-seo-wordpress\/ -->\n<title>CONTACTO - EVENTECH 3D<\/title>\n<meta name=\"robots\" content=\"index, follow, max-snippet:-1, max-image-preview:large, max-video-preview:-1\" \/>\n<link rel=\"canonical\" href=\"https:\/\/eventech3d.es\/index.php\/contacto\/\" \/>\n<meta property=\"og:locale\" content=\"es_ES\" \/>\n<meta property=\"og:type\" content=\"article\" \/>\n<meta property=\"og:title\" content=\"CONTACTO - EVENTECH 3D\" \/>\n<meta property=\"og:url\" content=\"https:\/\/eventech3d.es\/index.php\/contacto\/\" \/>\n<meta property=\"og:site_name\" content=\"EVENTECH 3D\" \/>\n<meta property=\"article:modified_time\" content=\"2025-09-29T09:23:06+00:00\" \/>\n<meta name=\"twitter:card\" content=\"summary_large_image\" \/>\n<script type=\"application\/ld+json\" class=\"yoast-schema-graph\">{\"@context\":\"https:\\\/\\\/schema.org\",\"@graph\":[{\"@type\":\"WebPage\",\"@id\":\"https:\\\/\\\/eventech3d.es\\\/index.php\\\/contacto\\\/\",\"url\":\"https:\\\/\\\/eventech3d.es\\\/index.php\\\/contacto\\\/\",\"name\":\"CONTACTO - EVENTECH 3D\",\"isPartOf\":{\"@id\":\"https:\\\/\\\/eventech3d.es\\\/#website\"},\"datePublished\":\"2025-06-14T10:23:19+00:00\",\"dateModified\":\"2025-09-29T09:23:06+00:00\",\"breadcrumb\":{\"@id\":\"https:\\\/\\\/eventech3d.es\\\/index.php\\\/contacto\\\/#breadcrumb\"},\"inLanguage\":\"es\",\"potentialAction\":[{\"@type\":\"ReadAction\",\"target\":[\"https:\\\/\\\/eventech3d.es\\\/index.php\\\/contacto\\\/\"]}]},{\"@type\":\"BreadcrumbList\",\"@id\":\"https:\\\/\\\/eventech3d.es\\\/index.php\\\/contacto\\\/#breadcrumb\",\"itemListElement\":[{\"@type\":\"ListItem\",\"position\":1,\"name\":\"Portada\",\"item\":\"https:\\\/\\\/eventech3d.es\\\/\"},{\"@type\":\"ListItem\",\"position\":2,\"name\":\"CONTACTO\"}]},{\"@type\":\"WebSite\",\"@id\":\"https:\\\/\\\/eventech3d.es\\\/#website\",\"url\":\"https:\\\/\\\/eventech3d.es\\\/\",\"name\":\"EVENTECH 3D\",\"description\":\"Producci\u00f3n t\u00e9cnica para eventos y Renders 3d\",\"publisher\":{\"@id\":\"https:\\\/\\\/eventech3d.es\\\/#organization\"},\"potentialAction\":[{\"@type\":\"SearchAction\",\"target\":{\"@type\":\"EntryPoint\",\"urlTemplate\":\"https:\\\/\\\/eventech3d.es\\\/?s={search_term_string}\"},\"query-input\":{\"@type\":\"PropertyValueSpecification\",\"valueRequired\":true,\"valueName\":\"search_term_string\"}}],\"inLanguage\":\"es\"},{\"@type\":\"Organization\",\"@id\":\"https:\\\/\\\/eventech3d.es\\\/#organization\",\"name\":\"EVENTECH 3D\",\"url\":\"https:\\\/\\\/eventech3d.es\\\/\",\"logo\":{\"@type\":\"ImageObject\",\"inLanguage\":\"es\",\"@id\":\"https:\\\/\\\/eventech3d.es\\\/#\\\/schema\\\/logo\\\/image\\\/\",\"url\":\"https:\\\/\\\/eventech3d.es\\\/wp-content\\\/uploads\\\/2025\\\/06\\\/g19904-8.png\",\"contentUrl\":\"https:\\\/\\\/eventech3d.es\\\/wp-content\\\/uploads\\\/2025\\\/06\\\/g19904-8.png\",\"width\":342,\"height\":342,\"caption\":\"EVENTECH 3D\"},\"image\":{\"@id\":\"https:\\\/\\\/eventech3d.es\\\/#\\\/schema\\\/logo\\\/image\\\/\"}}]}<\/script>\n<!-- \/ Yoast SEO plugin. -->","yoast_head_json":{"title":"CONTACTO - EVENTECH 3D","robots":{"index":"index","follow":"follow","max-snippet":"max-snippet:-1","max-image-preview":"max-image-preview:large","max-video-preview":"max-video-preview:-1"},"canonical":"https:\/\/eventech3d.es\/index.php\/contacto\/","og_locale":"es_ES","og_type":"article","og_title":"CONTACTO - EVENTECH 3D","og_url":"https:\/\/eventech3d.es\/index.php\/contacto\/","og_site_name":"EVENTECH 3D","article_modified_time":"2025-09-29T09:23:06+00:00","twitter_card":"summary_large_image","schema":{"@context":"https:\/\/schema.org","@graph":[{"@type":"WebPage","@id":"https:\/\/eventech3d.es\/index.php\/contacto\/","url":"https:\/\/eventech3d.es\/index.php\/contacto\/","name":"CONTACTO - EVENTECH 3D","isPartOf":{"@id":"https:\/\/eventech3d.es\/#website"},"datePublished":"2025-06-14T10:23:19+00:00","dateModified":"2025-09-29T09:23:06+00:00","breadcrumb":{"@id":"https:\/\/eventech3d.es\/index.php\/contacto\/#breadcrumb"},"inLanguage":"es","potentialAction":[{"@type":"ReadAction","target":["https:\/\/eventech3d.es\/index.php\/contacto\/"]}]},{"@type":"BreadcrumbList","@id":"https:\/\/eventech3d.es\/index.php\/contacto\/#breadcrumb","itemListElement":[{"@type":"ListItem","position":1,"name":"Portada","item":"https:\/\/eventech3d.es\/"},{"@type":"ListItem","position":2,"name":"CONTACTO"}]},{"@type":"WebSite","@id":"https:\/\/eventech3d.es\/#website","url":"https:\/\/eventech3d.es\/","name":"EVENTECH 3D","description":"Producci\u00f3n t\u00e9cnica para eventos y Renders 3d","publisher":{"@id":"https:\/\/eventech3d.es\/#organization"},"potentialAction":[{"@type":"SearchAction","target":{"@type":"EntryPoint","urlTemplate":"https:\/\/eventech3d.es\/?s={search_term_string}"},"query-input":{"@type":"PropertyValueSpecification","valueRequired":true,"valueName":"search_term_string"}}],"inLanguage":"es"},{"@type":"Organization","@id":"https:\/\/eventech3d.es\/#organization","name":"EVENTECH 3D","url":"https:\/\/eventech3d.es\/","logo":{"@type":"ImageObject","inLanguage":"es","@id":"https:\/\/eventech3d.es\/#\/schema\/logo\/image\/","url":"https:\/\/eventech3d.es\/wp-content\/uploads\/2025\/06\/g19904-8.png","contentUrl":"https:\/\/eventech3d.es\/wp-content\/uploads\/2025\/06\/g19904-8.png","width":342,"height":342,"caption":"EVENTECH 3D"},"image":{"@id":"https:\/\/eventech3d.es\/#\/schema\/logo\/image\/"}}]}},"_links":{"self":[{"href":"https:\/\/eventech3d.es\/index.php\/wp-json\/wp\/v2\/pages\/37","targetHints":{"allow":["GET"]}}],"collection":[{"href":"https:\/\/eventech3d.es\/index.php\/wp-json\/wp\/v2\/pages"}],"about":[{"href":"https:\/\/eventech3d.es\/index.php\/wp-json\/wp\/v2\/types\/page"}],"author":[{"embeddable":true,"href":"https:\/\/eventech3d.es\/index.php\/wp-json\/wp\/v2\/users\/1"}],"replies":[{"embeddable":true,"href":"https:\/\/eventech3d.es\/index.php\/wp-json\/wp\/v2\/comments?post=37"}],"version-history":[{"count":19,"href":"https:\/\/eventech3d.es\/index.php\/wp-json\/wp\/v2\/pages\/37\/revisions"}],"predecessor-version":[{"id":1133,"href":"https:\/\/eventech3d.es\/index.php\/wp-json\/wp\/v2\/pages\/37\/revisions\/1133"}],"wp:attachment":[{"href":"https:\/\/eventech3d.es\/index.php\/wp-json\/wp\/v2\/media?parent=37"}],"curies":[{"name":"wp","href":"https:\/\/api.w.org\/{rel}","templated":true}]}}